{"id":13,"date":"2020-08-26T13:22:19","date_gmt":"2020-08-26T13:22:19","guid":{"rendered":"https:\/\/www.ldja.lv\/?page_id=13"},"modified":"2023-12-25T14:57:31","modified_gmt":"2023-12-25T14:57:31","slug":"kontakti","status":"publish","type":"page","link":"https:\/\/www.ldja.lv\/?page_id=13","title":{"rendered":"Kontakti"},"content":{"rendered":"\n<p class=\"has-text-align-left\"><strong>Latvijas daudzkorpusu jahtu asoci\u0101cija<\/strong><\/p>\n\n\n\n<p class=\"has-text-align-left\"><br>Re\u0123. nr. 40008022627<br>Juridisk\u0101 adrese: R\u012bga, Zieme\u013cu iela 3 &#8211; 31, LV-1005<\/p>\n\n\n\n<p class=\"has-text-align-left\">LV29HABA0551032336385 Swedbank<\/p>\n\n\n\n<p class=\"has-text-align-left\"><br>E-pasts: ldja@parks.lv<br>T\u0101lrunis: 67830159<\/p>\n","protected":false},"excerpt":{"rendered":"<p>Latvijas daudzkorpusu jahtu asoci\u0101cija Re\u0123. nr. 40008022627Juridisk\u0101 adrese: R\u012bga, Zieme\u013cu iela 3 &#8211; 31, LV-1005 LV29HABA0551032336385 Swedbank E-pasts: ldja@parks.lvT\u0101lrunis: 67830159<\/p>\n","protected":false},"author":2,"featured_media":0,"parent":0,"menu_order":0,"comment_status":"closed","ping_status":"closed","template":"","meta":[],"_links":{"self":[{"href":"https:\/\/www.ldja.lv\/index.php?rest_route=\/wp\/v2\/pages\/13"}],"collection":[{"href":"https:\/\/www.ldja.lv\/index.php?rest_route=\/wp\/v2\/pages"}],"about":[{"href":"https:\/\/www.ldja.lv\/index.php?rest_route=\/wp\/v2\/types\/page"}],"author":[{"embeddable":true,"href":"https:\/\/www.ldja.lv\/index.php?rest_route=\/wp\/v2\/users\/2"}],"replies":[{"embeddable":true,"href":"https:\/\/www.ldja.lv\/index.php?rest_route=%2Fwp%2Fv2%2Fcomments&post=13"}],"version-history":[{"count":4,"href":"https:\/\/www.ldja.lv\/index.php?rest_route=\/wp\/v2\/pages\/13\/revisions"}],"predecessor-version":[{"id":48,"href":"https:\/\/www.ldja.lv\/index.php?rest_route=\/wp\/v2\/pages\/13\/revisions\/48"}],"wp:attachment":[{"href":"https:\/\/www.ldja.lv\/index.php?rest_route=%2Fwp%2Fv2%2Fmedia&parent=13"}],"curies":[{"name":"wp","href":"https:\/\/api.w.org\/{rel}","templated":true}]}}